{"id":97,"date":"2019-08-07T18:43:52","date_gmt":"2019-08-07T16:43:52","guid":{"rendered":"http:\/\/expotentiel.be\/?page_id=97"},"modified":"2019-08-19T17:07:37","modified_gmt":"2019-08-19T15:07:37","slug":"nos-valeurs","status":"publish","type":"page","link":"https:\/\/expotentiel.be\/index.php\/nos-valeurs\/","title":{"rendered":"Nos valeurs"},"content":{"rendered":"\n<p><strong>L&rsquo;innovation<\/strong><\/p>\n\n\n\n<p>Innover c\u2019est\u00a0 se\u00a0 repenser, explorer de nouveaux\u00a0 horizons auxquels, a priori, on ne se destinait pas pour se r\u00e9inventer et am\u00e9liorer son action. Les\u00a0 processus propos\u00e9s par Expotentiel utilisent les p\u00e9dagogies cr\u00e9atives et participatives pour permettre \u00e0 chacun de s\u2019ouvrir \u00e0 d\u2019autres points de vue et \u00eatre un vecteur de changement.<\/p>\n\n\n\n<p><strong>L&rsquo;excellence<\/strong><\/p>\n\n\n\n<p>Permettre \u00e0 chacun de parvenir au maximum des ses capacit\u00e9s\nen tenant compte de son exp\u00e9rience, de son parcours et de ses comp\u00e9tences.<\/p>\n\n\n\n<p><strong>La bienveillance<\/strong><\/p>\n\n\n\n<p>Quel que soit son parcours (ses r\u00e9ussites, ses&nbsp; \u00e9checs) nous pensons que chaque individu a de\nla valeur. Faire preuve de respect, d\u2019empathie et de non-jugement sont des\nprincipes essentiels \u00e0 nos yeux. <\/p>\n\n\n\n<p><strong>La coop\u00e9ration<\/strong><\/p>\n\n\n\n<p>\u00c9changer, d\u00e9battre, construire ensemble permet de se\nd\u00e9centrer et d\u2019explorer d\u2019autres pratiques pour \u00e9voluer. Le groupe et les\nindividus qui le composent sont le point central de nos actions.<\/p>\n\n\n\n<p><strong>La qualit\u00e9<\/strong><\/p>\n\n\n\n<p>Mettre en place un processus d\u2019\u00e9valutation \u00e0 360\u00b0 de nos actions pour les am\u00e9liorer et garantir leur efficacit\u00e9. C\u2019est aussi d\u00e9velopper notre expertise pour rester \u00e0 la pointe de l\u2019innovation. <\/p>\n","protected":false},"excerpt":{"rendered":"<p>L&rsquo;innovation Innover c\u2019est\u00a0 se\u00a0 repenser, explorer de nouveaux\u00a0 horizons auxquels, a priori, on ne se destinait pas pour se r\u00e9inventer et am\u00e9liorer son action. Les\u00a0 processus propos\u00e9s par Expotentiel utilisent les p\u00e9dagogies cr\u00e9atives et participatives pour permettre \u00e0 chacun de &hellip; <a href=\"https:\/\/expotentiel.be\/index.php\/nos-valeurs\/\">Lire la suite<\/a><\/p>\n","protected":false},"author":1,"featured_media":0,"parent":0,"menu_order":0,"comment_status":"closed","ping_status":"closed","template":"","meta":{"kt_blocks_editor_width":""},"_links":{"self":[{"href":"https:\/\/expotentiel.be\/index.php\/wp-json\/wp\/v2\/pages\/97"}],"collection":[{"href":"https:\/\/expotentiel.be\/index.php\/wp-json\/wp\/v2\/pages"}],"about":[{"href":"https:\/\/expotentiel.be\/index.php\/wp-json\/wp\/v2\/types\/page"}],"author":[{"embeddable":true,"href":"https:\/\/expotentiel.be\/index.php\/wp-json\/wp\/v2\/users\/1"}],"replies":[{"embeddable":true,"href":"https:\/\/expotentiel.be\/index.php\/wp-json\/wp\/v2\/comments?post=97"}],"version-history":[{"count":4,"href":"https:\/\/expotentiel.be\/index.php\/wp-json\/wp\/v2\/pages\/97\/revisions"}],"predecessor-version":[{"id":442,"href":"https:\/\/expotentiel.be\/index.php\/wp-json\/wp\/v2\/pages\/97\/revisions\/442"}],"wp:attachment":[{"href":"https:\/\/expotentiel.be\/index.php\/wp-json\/wp\/v2\/media?parent=97"}],"curies":[{"name":"wp","href":"https:\/\/api.w.org\/{rel}","templated":true}]}}