{"id":466,"date":"2019-08-20T15:02:54","date_gmt":"2019-08-20T13:02:54","guid":{"rendered":"http:\/\/expotentiel.be\/?page_id=466"},"modified":"2019-08-20T15:12:28","modified_gmt":"2019-08-20T13:12:28","slug":"team-coachings-accompagnements-et-mises-au-vert","status":"publish","type":"page","link":"https:\/\/expotentiel.be\/index.php\/team-coachings-accompagnements-et-mises-au-vert\/","title":{"rendered":"Team-coachings, accompagnements et mises au vert"},"content":{"rendered":"\n<h3>Qu&rsquo;est ce que c&rsquo;est?<\/h3>\n\n\n\n<p>Chez Expotentiel, notre objectif est de faire en sorte que vous et votre \u00e9quipe atteigniez les v\u00f4tres.<\/p>\n\n\n\n<p>Nous proposons\ndes accompagnements, des team-coachings et des \u00ab&nbsp;mises au vert&nbsp;\u00bb surmesure. Ceux-ci&nbsp; permettent aux \u00e9quipes de d\u00e9velopper leur\nplein potentiel, d&rsquo;innover et de cr\u00e9er des solutions adapt\u00e9es \u00e0 leur\nenvironnement. <\/p>\n\n\n\n<p>Les coachings\net supervisions peuvent aborder diff\u00e9rentes th\u00e9matiques telles que&nbsp;:<\/p>\n\n\n\n<ul><li>D\u00e9finir\net cr\u00e9er une vision commune de l&rsquo;organisation, de ses valeurs et de ses\nmissions&nbsp;;<\/li><li>Accompagner\nles processus de changement&nbsp;;&nbsp; <\/li><li>Analyser\nles pratiques pour les faire \u00e9voluer&nbsp;;<\/li><li>D\u00e9velopper\ndes comp\u00e9tences manag\u00e9riales et organisationnelles&nbsp;;<\/li><li>Cr\u00e9er\nun projet ou g\u00e9n\u00e9rer des id\u00e9es de fa\u00e7on cr\u00e9ative&nbsp;;<\/li><li>D\u00e9velopper\nun nouveau service ou un nouveau produit&nbsp;;<\/li><li>Am\u00e9liorer\nle fonctionnement et la coh\u00e9sion de l&rsquo;\u00e9quipe&nbsp;;<\/li><li>R\u00e9fl\u00e9chir\n\u00e0 son identit\u00e9 professionnelle&nbsp;;<\/li><li>Etc.<\/li><\/ul>\n\n\n\n<p>Pour r\u00e9pondre\nau mieux \u00e0 vos besoins, nous proposons un processus en 4 \u00e9tapes&nbsp;:<\/p>\n\n\n\n<ol><li>Se\nrencontrer pour analyser la demande et cibler les objectifs&nbsp;;<\/li><li>Mettre\nen place et r\u00e9guler le processus<\/li><li>Identifier\nles prolongements \u00e0 mettre en \u0153uvre pour atteindre les objectifs<\/li><li>\u00c9valuer la d\u00e9marche et ses r\u00e9sultats<\/li><\/ol>\n\n\n\n<div style=\"height:23px\" aria-hidden=\"true\" class=\"wp-block-spacer\"><\/div>\n\n\n\n<p style=\"text-align:center\" class=\"has-text-color has-background has-medium-font-size has-white-color has-pinnacle-primary-background-color\"><strong><a href=\"mailto:contact@expotentiel.be\">Contactez-nous pour plus d&rsquo;informations<\/a><\/strong><\/p>\n","protected":false},"excerpt":{"rendered":"<p>Qu&rsquo;est ce que c&rsquo;est? Chez Expotentiel, notre objectif est de faire en sorte que vous et votre \u00e9quipe atteigniez les v\u00f4tres. Nous proposons des accompagnements, des team-coachings et des \u00ab&nbsp;mises au vert&nbsp;\u00bb surmesure. Ceux-ci&nbsp; permettent aux \u00e9quipes de d\u00e9velopper leur &hellip; <a href=\"https:\/\/expotentiel.be\/index.php\/team-coachings-accompagnements-et-mises-au-vert\/\">Lire la suite<\/a><\/p>\n","protected":false},"author":2,"featured_media":0,"parent":0,"menu_order":0,"comment_status":"closed","ping_status":"closed","template":"","meta":{"kt_blocks_editor_width":""},"_links":{"self":[{"href":"https:\/\/expotentiel.be\/index.php\/wp-json\/wp\/v2\/pages\/466"}],"collection":[{"href":"https:\/\/expotentiel.be\/index.php\/wp-json\/wp\/v2\/pages"}],"about":[{"href":"https:\/\/expotentiel.be\/index.php\/wp-json\/wp\/v2\/types\/page"}],"author":[{"embeddable":true,"href":"https:\/\/expotentiel.be\/index.php\/wp-json\/wp\/v2\/users\/2"}],"replies":[{"embeddable":true,"href":"https:\/\/expotentiel.be\/index.php\/wp-json\/wp\/v2\/comments?post=466"}],"version-history":[{"count":4,"href":"https:\/\/expotentiel.be\/index.php\/wp-json\/wp\/v2\/pages\/466\/revisions"}],"predecessor-version":[{"id":475,"href":"https:\/\/expotentiel.be\/index.php\/wp-json\/wp\/v2\/pages\/466\/revisions\/475"}],"wp:attachment":[{"href":"https:\/\/expotentiel.be\/index.php\/wp-json\/wp\/v2\/media?parent=466"}],"curies":[{"name":"wp","href":"https:\/\/api.w.org\/{rel}","templated":true}]}}