{"id":457,"date":"2019-08-20T14:53:00","date_gmt":"2019-08-20T12:53:00","guid":{"rendered":"http:\/\/expotentiel.be\/?page_id=457"},"modified":"2019-08-20T15:01:05","modified_gmt":"2019-08-20T13:01:05","slug":"les-ateliers","status":"publish","type":"page","link":"https:\/\/expotentiel.be\/index.php\/les-ateliers\/","title":{"rendered":"Les ateliers"},"content":{"rendered":"\n<h3>Qu&rsquo;est ce que c&rsquo;est?<\/h3>\n\n\n\n<p>Au cours d&rsquo;un moment convivial, Expotentiel propose aux \u00e9quipes et leurs managers\/responsables des ateliers ludiques et cr\u00e9atifs. L&rsquo;objectif est  de (re)d\u00e9couvrir une approche et d&rsquo;exp\u00e9rimenter des outils pour am\u00e9liorer son travail au quotidien. <\/p>\n\n\n\n<div style=\"height:20px\" aria-hidden=\"true\" class=\"wp-block-spacer\"><\/div>\n\n\n\n<h4>Quelle dur\u00e9e&nbsp;?<\/h4>\n\n\n\n<p>La dur\u00e9e des\nateliers propos\u00e9s varie en fonction de la th\u00e9matique, de la demande et des\nobjectifs poursuivis. Une analyse de votre demande permettra de fixer en\ncollaboration avec vous le cadre de l&rsquo;intervention. Pour plus d&rsquo;informations,\nn&rsquo;h\u00e9sitez pas \u00e0 prendre contact avec nous.<\/p>\n\n\n\n<div style=\"height:31px\" aria-hidden=\"true\" class=\"wp-block-spacer\"><\/div>\n\n\n\n<h3>Quelles th\u00e9matiques?<\/h3>\n\n\n\n\t\t\t\t\t\t<style>\r\n\t\t\t\t#wpsm_accordion_462 .wpsm_panel-heading{\r\n\tpadding:0px !important;\r\n}\r\n#wpsm_accordion_462 .wpsm_panel-title {\r\n\tmargin:0px !important; \r\n\ttext-transform:none !important;\r\n\tline-height: 1 !important;\r\n}\r\n#wpsm_accordion_462 .wpsm_panel-title a{\r\n\ttext-decoration:none;\r\n\toverflow:hidden;\r\n\tdisplay:block;\r\n\tpadding:0px;\r\n\tfont-size: 18px !important;\r\n\tfont-family: Open Sans !important;\r\n\tcolor:#000000 !important;\r\n\tborder-bottom:0px !important;\r\n}\r\n\r\n#wpsm_accordion_462 .wpsm_panel-title a:focus {\r\noutline: 0px !important;\r\n}\r\n\r\n#wpsm_accordion_462 .wpsm_panel-title a:hover, #wpsm_accordion_462 .wpsm_panel-title a:focus {\r\n\tcolor:#000000 !important;\r\n}\r\n#wpsm_accordion_462 .acc-a{\r\n\tcolor: #000000 !important;\r\n\tbackground-color:#e8e8e8 !important;\r\n\tborder-color: #ddd;\r\n}\r\n#wpsm_accordion_462 .wpsm_panel-default > .wpsm_panel-heading{\r\n\tcolor: #000000 !important;\r\n\tbackground-color: #e8e8e8 !important;\r\n\tborder-color: #e8e8e8 !important;\r\n\tborder-top-left-radius: 0px;\r\n\tborder-top-right-radius: 0px;\r\n}\r\n#wpsm_accordion_462 .wpsm_panel-default {\r\n\t\tborder:1px solid transparent !important;\r\n\t}\r\n#wpsm_accordion_462 {\r\n\tmargin-bottom: 20px;\r\n\toverflow: hidden;\r\n\tfloat: none;\r\n\twidth: 100%;\r\n\tdisplay: block;\r\n}\r\n#wpsm_accordion_462 .ac_title_class{\r\n\tdisplay: block;\r\n\tpadding-top: 12px;\r\n\tpadding-bottom: 12px;\r\n\tpadding-left: 15px;\r\n\tpadding-right: 15px;\r\n}\r\n#wpsm_accordion_462  .wpsm_panel {\r\n\toverflow:hidden;\r\n\t-webkit-box-shadow: 0 0px 0px rgba(0, 0, 0, .05);\r\n\tbox-shadow: 0 0px 0px rgba(0, 0, 0, .05);\r\n\t\tborder-radius: 4px;\r\n\t}\r\n#wpsm_accordion_462  .wpsm_panel + .wpsm_panel {\r\n\t\tmargin-top: 5px;\r\n\t}\r\n#wpsm_accordion_462  .wpsm_panel-body{\r\n\tbackground-color:#ffffff !important;\r\n\tcolor:#000000 !important;\r\n\tborder-top-color: #e8e8e8 !important;\r\n\tfont-size:16px !important;\r\n\tfont-family: Open Sans !important;\r\n\toverflow: hidden;\r\n\t\tborder: 2px solid #e8e8e8 !important;\r\n\t}\r\n\r\n#wpsm_accordion_462 .ac_open_cl_icon{\r\n\tbackground-color:#e8e8e8 !important;\r\n\tcolor: #000000 !important;\r\n\tfloat:right !important;\r\n\tpadding-top: 12px !important;\r\n\tpadding-bottom: 12px !important;\r\n\tline-height: 1.0 !important;\r\n\tpadding-left: 15px !important;\r\n\tpadding-right: 15px !important;\r\n\tdisplay: inline-block !important;\r\n}\r\n\r\n\t\t\t\r\n\t\t\t\t\r\n\t\r\n\t\t\t<\/style>\r\n\t\t\t<div class=\"wpsm_panel-group\" id=\"wpsm_accordion_462\" >\r\n\t\t\t\t\t\t\t\t\r\n\t\t\t\t\t<!-- Inner panel Start -->\r\n\t\t\t\t\t<div class=\"wpsm_panel wpsm_panel-default\">\r\n\t\t\t\t\t\t<div class=\"wpsm_panel-heading\" role=\"tab\" >\r\n\t\t\t\t\t\t  <h4 class=\"wpsm_panel-title\">\r\n\t\t\t\t\t\t\t<a  class=\"\"  data-toggle=\"collapse\" data-parent=\"#wpsm_accordion_462 \" href=\"#ac_462_collapse1\"  >\r\n\t\t\t\t\t\t\t\t\t\t\t\t\t\t\t\t\t<span class=\"ac_open_cl_icon fa fa-plus\"><\/span>\r\n\t\t\t\t\t\t\t\t\t\r\n\t\t\t\t\t\t\t\t \r\n\t\t\t\t\t\t\t\t<span class=\"ac_title_class\">\r\n\t\t\t\t\t\t\t\t\t\t\t\t\t\t\t\t\t\t\t\t<span style=\"margin-right:6px;\" class=\"fa fa-align-justify\"><\/span>\r\n\t\t\t\t\t\t\t\t\tProject&#039;if : faire \u00e9merger un projet de fa\u00e7on cr\u00e9-active\t\t\t\t\t\t\t\t<\/span>\r\n\t\t\t\t\t\t\t<\/a>\r\n\t\t\t\t\t\t  <\/h4>\r\n\t\t\t\t\t\t<\/div>\r\n\t\t\t\t\t\t<div id=\"ac_462_collapse1\" class=\"wpsm_panel-collapse collapse \"  >\r\n\t\t\t\t\t\t  <div class=\"wpsm_panel-body\">\r\n\t\t\t\t\t\t\tCet atelier vous propose de vivre diff\u00e9rentes techniques d'\u00e9mergence d'id\u00e9es pour cr\u00e9er des projets innovants. Le formateur vous propose de vivre des m\u00e9thodes cr\u00e9atives pour ouvrir le champ des \u00ab possibles \u00bb et produire des id\u00e9es d\u00e9cal\u00e9es \u00e0 adapter \u00e0 son contexte. Cette approche s'inscrit dans la lign\u00e9e des projets \u00ab Agiles \u00bb et du \u00ab design thinking \u00bb qui am\u00e9liorent la qualit\u00e9 des produits\/services propos\u00e9s en assurant davantage de flexibilit\u00e9.\r\n&nbsp\r\n<a href=\".\/http:\/\/expotentiel.be\/index.php\/projectif-faire-emerger-un-projet-de-facon-cre-active\/\" target=_blank>En savoir plus<\/a>\t\t\t\t\t\t  <\/div>\r\n\t\t\t\t\t\t<\/div>\r\n\t\t\t\t\t<\/div>\r\n\t\t\t\t\t<!-- Inner panel End -->\r\n\t\t\t\t\t\r\n\t\t\t\t\t\t\t\t\r\n\t\t\t\t\t<!-- Inner panel Start -->\r\n\t\t\t\t\t<div class=\"wpsm_panel wpsm_panel-default\">\r\n\t\t\t\t\t\t<div class=\"wpsm_panel-heading\" role=\"tab\" >\r\n\t\t\t\t\t\t  <h4 class=\"wpsm_panel-title\">\r\n\t\t\t\t\t\t\t<a  class=\"collapsed\"  data-toggle=\"collapse\" data-parent=\"#wpsm_accordion_462 \" href=\"#ac_462_collapse2\"  >\r\n\t\t\t\t\t\t\t\t\t\t\t\t\t\t\t\t\t<span class=\"ac_open_cl_icon fa fa-plus\"><\/span>\r\n\t\t\t\t\t\t\t\t\t\r\n\t\t\t\t\t\t\t\t \r\n\t\t\t\t\t\t\t\t<span class=\"ac_title_class\">\r\n\t\t\t\t\t\t\t\t\t\t\t\t\t\t\t\t\t\t\t\t<span style=\"margin-right:6px;\" class=\"fa fa-align-justify\"><\/span>\r\n\t\t\t\t\t\t\t\t\t1 probl\u00e8me...1000 opportunit\u00e9s : la cr\u00e9ativit\u00e9 au service de la r\u00e9solution de probl\u00e8mes\t\t\t\t\t\t\t\t<\/span>\r\n\t\t\t\t\t\t\t<\/a>\r\n\t\t\t\t\t\t  <\/h4>\r\n\t\t\t\t\t\t<\/div>\r\n\t\t\t\t\t\t<div id=\"ac_462_collapse2\" class=\"wpsm_panel-collapse collapse \"  >\r\n\t\t\t\t\t\t  <div class=\"wpsm_panel-body\">\r\n\t\t\t\t\t\t\tCet atelier permet aux \u00e9quipes de vivre des techniques de r\u00e9solution de probl\u00e8mes autour d'une difficult\u00e9 rencontr\u00e9e au sein de l'organisation. Au cours du processus, les m\u00e9thodes employ\u00e9es permettront de faire \u00e9merger des pistes d'actions concr\u00e8tes en utilisant la cr\u00e9ativit\u00e9. \r\n&nbsp\r\n<a href=\".\/http:\/\/expotentiel.be\/index.php\/1-probleme-1000-opportunites-la-creativite-au-service-de-la-resolution-de-problemes\/\" target=_blank>En savoir plus<\/a>\t\t\t\t\t\t  <\/div>\r\n\t\t\t\t\t\t<\/div>\r\n\t\t\t\t\t<\/div>\r\n\t\t\t\t\t<!-- Inner panel End -->\r\n\t\t\t\t\t\r\n\t\t\t\t\t\t\t\t\r\n\t\t\t\t\t<!-- Inner panel Start -->\r\n\t\t\t\t\t<div class=\"wpsm_panel wpsm_panel-default\">\r\n\t\t\t\t\t\t<div class=\"wpsm_panel-heading\" role=\"tab\" >\r\n\t\t\t\t\t\t  <h4 class=\"wpsm_panel-title\">\r\n\t\t\t\t\t\t\t<a  class=\"collapsed\"  data-toggle=\"collapse\" data-parent=\"#wpsm_accordion_462 \" href=\"#ac_462_collapse3\"  >\r\n\t\t\t\t\t\t\t\t\t\t\t\t\t\t\t\t\t<span class=\"ac_open_cl_icon fa fa-plus\"><\/span>\r\n\t\t\t\t\t\t\t\t\t\r\n\t\t\t\t\t\t\t\t \r\n\t\t\t\t\t\t\t\t<span class=\"ac_title_class\">\r\n\t\t\t\t\t\t\t\t\t\t\t\t\t\t\t\t\t\t\t\t<span style=\"margin-right:6px;\" class=\"fa fa-align-justify\"><\/span>\r\n\t\t\t\t\t\t\t\t\tCr\u00e9activity : booster sa cr\u00e9ativit\u00e9 au quotidien\t\t\t\t\t\t\t\t<\/span>\r\n\t\t\t\t\t\t\t<\/a>\r\n\t\t\t\t\t\t  <\/h4>\r\n\t\t\t\t\t\t<\/div>\r\n\t\t\t\t\t\t<div id=\"ac_462_collapse3\" class=\"wpsm_panel-collapse collapse \"  >\r\n\t\t\t\t\t\t  <div class=\"wpsm_panel-body\">\r\n\t\t\t\t\t\t\tCet atelier propose aux \u00e9quipes de vivre des activit\u00e9s cr\u00e9atives et ludiques qui permettent de sortir du cadre pour faire \u00e9merger de nouvelles id\u00e9es ou r\u00e9soudre des probl\u00e8mes. \r\n&nbsp\r\n<a href=\".\/http:\/\/expotentiel.be\/index.php\/creactivity-booster-sa-creativite-au-quotidien\/\" target=_blank>En savoir plus<\/a>\t\t\t\t\t\t  <\/div>\r\n\t\t\t\t\t\t<\/div>\r\n\t\t\t\t\t<\/div>\r\n\t\t\t\t\t<!-- Inner panel End -->\r\n\t\t\t\t\t\r\n\t\t\t\t\t\t\t\t\r\n\t\t\t\t\t<!-- Inner panel Start -->\r\n\t\t\t\t\t<div class=\"wpsm_panel wpsm_panel-default\">\r\n\t\t\t\t\t\t<div class=\"wpsm_panel-heading\" role=\"tab\" >\r\n\t\t\t\t\t\t  <h4 class=\"wpsm_panel-title\">\r\n\t\t\t\t\t\t\t<a  class=\"collapsed\"  data-toggle=\"collapse\" data-parent=\"#wpsm_accordion_462 \" href=\"#ac_462_collapse4\"  >\r\n\t\t\t\t\t\t\t\t\t\t\t\t\t\t\t\t\t<span class=\"ac_open_cl_icon fa fa-plus\"><\/span>\r\n\t\t\t\t\t\t\t\t\t\r\n\t\t\t\t\t\t\t\t \r\n\t\t\t\t\t\t\t\t<span class=\"ac_title_class\">\r\n\t\t\t\t\t\t\t\t\t\t\t\t\t\t\t\t\t\t\t\t<span style=\"margin-right:6px;\" class=\"fa fa-align-justify\"><\/span>\r\n\t\t\t\t\t\t\t\t\tR\u00e9flexiva : prendre de la hauteur sur ses pratiques pour \u00e9voluer\t\t\t\t\t\t\t\t<\/span>\r\n\t\t\t\t\t\t\t<\/a>\r\n\t\t\t\t\t\t  <\/h4>\r\n\t\t\t\t\t\t<\/div>\r\n\t\t\t\t\t\t<div id=\"ac_462_collapse4\" class=\"wpsm_panel-collapse collapse \"  >\r\n\t\t\t\t\t\t  <div class=\"wpsm_panel-body\">\r\n\t\t\t\t\t\t\tPour \u00eatre performant, toute organisation doit pouvoir prendre de la hauteur pour analyser son fonctionnement, identifier les probl\u00e8mes et cr\u00e9er des solutions adapt\u00e9es \u00e0 sa r\u00e9alit\u00e9. Pour ce faire, Expotentiel vous propose un atelier autour de la d\u00e9marche r\u00e9flexive. Cette approche envisage les difficult\u00e9s comme un vecteur d'apprentissage pour cr\u00e9er des solutions innovantes. Il s'agit de d\u00e9velopper une culture de la r\u00e9flexivit\u00e9 au sein de la structure pour d\u00e9velopper une organisation apprenante. &nbsp\r\n<a href=\".\/http:\/\/expotentiel.be\/index.php\/reflexiva-prendre-de-la-hauteur-sur-ses-pratiques-pour-evoluer\/\" target=_blank>En savoir plus<\/a>\t\t\t\t\t\t  <\/div>\r\n\t\t\t\t\t\t<\/div>\r\n\t\t\t\t\t<\/div>\r\n\t\t\t\t\t<!-- Inner panel End -->\r\n\t\t\t\t\t\r\n\t\t\t\t\t\t\t\t\r\n\t\t\t\t\t<!-- Inner panel Start -->\r\n\t\t\t\t\t<div class=\"wpsm_panel wpsm_panel-default\">\r\n\t\t\t\t\t\t<div class=\"wpsm_panel-heading\" role=\"tab\" >\r\n\t\t\t\t\t\t  <h4 class=\"wpsm_panel-title\">\r\n\t\t\t\t\t\t\t<a  class=\"collapsed\"  data-toggle=\"collapse\" data-parent=\"#wpsm_accordion_462 \" href=\"#ac_462_collapse5\"  >\r\n\t\t\t\t\t\t\t\t\t\t\t\t\t\t\t\t\t<span class=\"ac_open_cl_icon fa fa-plus\"><\/span>\r\n\t\t\t\t\t\t\t\t\t\r\n\t\t\t\t\t\t\t\t \r\n\t\t\t\t\t\t\t\t<span class=\"ac_title_class\">\r\n\t\t\t\t\t\t\t\t\t\t\t\t\t\t\t\t\t\t\t\t<span style=\"margin-right:6px;\" class=\"fa fa-align-justify\"><\/span>\r\n\t\t\t\t\t\t\t\t\tBulles d&#039;oxyg\u00e8ne : faire une pause et se recentrer quand tout va trop vite\t\t\t\t\t\t\t\t<\/span>\r\n\t\t\t\t\t\t\t<\/a>\r\n\t\t\t\t\t\t  <\/h4>\r\n\t\t\t\t\t\t<\/div>\r\n\t\t\t\t\t\t<div id=\"ac_462_collapse5\" class=\"wpsm_panel-collapse collapse \"  >\r\n\t\t\t\t\t\t  <div class=\"wpsm_panel-body\">\r\n\t\t\t\t\t\t\tFaites pause dans votre quotidien ! Dans un cadre s\u00e9curisant et bienveillant, Expotentiel vous propose de vivre un moment relaxant et introspectif. \r\nAu cours de cet atelier, nous vous proposerons diff\u00e9rentes activit\u00e9s pour ralentir et se \u00ab rebooster \u00bb quand tout va trop vite. Au-del\u00e0 des simples m\u00e9thodes de relaxation, ce temps \u00ab  bulle \u00bb sera aussi l'occasion de faire une introspection individuelle et collective pour mieux se conna\u00eetre. \r\n&nbsp\r\n<a href=\".\/http:\/\/expotentiel.be\/index.php\/bulles-doxygene-faire-une-pause-et-se-recentrer-quand-tout-va-trop-vite-2\/\" target=_blank>En savoir plus<\/a>\t\t\t\t\t\t  <\/div>\r\n\t\t\t\t\t\t<\/div>\r\n\t\t\t\t\t<\/div>\r\n\t\t\t\t\t<!-- Inner panel End -->\r\n\t\t\t\t\t\r\n\t\t\t\t\t\t\t\t\r\n\t\t\t\t\t<!-- Inner panel Start -->\r\n\t\t\t\t\t<div class=\"wpsm_panel wpsm_panel-default\">\r\n\t\t\t\t\t\t<div class=\"wpsm_panel-heading\" role=\"tab\" >\r\n\t\t\t\t\t\t  <h4 class=\"wpsm_panel-title\">\r\n\t\t\t\t\t\t\t<a  class=\"collapsed\"  data-toggle=\"collapse\" data-parent=\"#wpsm_accordion_462 \" href=\"#ac_462_collapse6\"  >\r\n\t\t\t\t\t\t\t\t\t\t\t\t\t\t\t\t\t<span class=\"ac_open_cl_icon fa fa-plus\"><\/span>\r\n\t\t\t\t\t\t\t\t\t\r\n\t\t\t\t\t\t\t\t \r\n\t\t\t\t\t\t\t\t<span class=\"ac_title_class\">\r\n\t\t\t\t\t\t\t\t\t\t\t\t\t\t\t\t\t\t\t\t<span style=\"margin-right:6px;\" class=\"fa fa-align-justify\"><\/span>\r\n\t\t\t\t\t\t\t\t\tUn pour tous, tous pour un : mieux collaborer en \u00e9quipe au quotidien\t\t\t\t\t\t\t\t<\/span>\r\n\t\t\t\t\t\t\t<\/a>\r\n\t\t\t\t\t\t  <\/h4>\r\n\t\t\t\t\t\t<\/div>\r\n\t\t\t\t\t\t<div id=\"ac_462_collapse6\" class=\"wpsm_panel-collapse collapse \"  >\r\n\t\t\t\t\t\t  <div class=\"wpsm_panel-body\">\r\n\t\t\t\t\t\t\tCet atelier propose des activit\u00e9s ludiques qui n\u00e9cessitent la collaboration de l'ensemble du groupe. Au fil des exercices, l'\u00e9quipe pourra mieux comprendre son fonctionnement et am\u00e9liorer le travail collectif.\r\n&nbsp\r\n<a href=\".\/http:\/\/expotentiel.be\/index.php\/un-pour-tous-tous-pour-un-mieux-collaborer-en-equipe-au-quotidien-2\/\" target=_blank>En savoir plus<\/a>\t\t\t\t\t\t  <\/div>\r\n\t\t\t\t\t\t<\/div>\r\n\t\t\t\t\t<\/div>\r\n\t\t\t\t\t<!-- Inner panel End -->\r\n\t\t\t\t\t\r\n\t\t\t\t\t\t\t\t\r\n\t\t\t\t\t<!-- Inner panel Start -->\r\n\t\t\t\t\t<div class=\"wpsm_panel wpsm_panel-default\">\r\n\t\t\t\t\t\t<div class=\"wpsm_panel-heading\" role=\"tab\" >\r\n\t\t\t\t\t\t  <h4 class=\"wpsm_panel-title\">\r\n\t\t\t\t\t\t\t<a  class=\"collapsed\"  data-toggle=\"collapse\" data-parent=\"#wpsm_accordion_462 \" href=\"#ac_462_collapse7\"  >\r\n\t\t\t\t\t\t\t\t\t\t\t\t\t\t\t\t\t<span class=\"ac_open_cl_icon fa fa-plus\"><\/span>\r\n\t\t\t\t\t\t\t\t\t\r\n\t\t\t\t\t\t\t\t \r\n\t\t\t\t\t\t\t\t<span class=\"ac_title_class\">\r\n\t\t\t\t\t\t\t\t\t\t\t\t\t\t\t\t\t\t\t\t<span style=\"margin-right:6px;\" class=\"fa fa-align-justify\"><\/span>\r\n\t\t\t\t\t\t\t\t\tCollectivity : pratiquer et mettre en \u0153uvre l&#039;intelligence collective\t\t\t\t\t\t\t\t<\/span>\r\n\t\t\t\t\t\t\t<\/a>\r\n\t\t\t\t\t\t  <\/h4>\r\n\t\t\t\t\t\t<\/div>\r\n\t\t\t\t\t\t<div id=\"ac_462_collapse7\" class=\"wpsm_panel-collapse collapse \"  >\r\n\t\t\t\t\t\t  <div class=\"wpsm_panel-body\">\r\n\t\t\t\t\t\t\tCet atelier permet aux \u00e9quipes de d\u00e9couvrir une nouvelle fa\u00e7on de collaborer en vivant un processus d'intelligence collective. Cette approche propose des processus dans lesquels tous les individus sont impliqu\u00e9s pour am\u00e9liorer le fonctionnement de l'organisation.\r\n&nbsp\r\n<a href=\".\/http:\/\/expotentiel.be\/index.php\/manager-une-mission-dont-je-suis-le-heros-construire-sa-fonction-de-leader\/\" target=_blank>En savoir plus<\/a>\t\t\t\t\t\t  <\/div>\r\n\t\t\t\t\t\t<\/div>\r\n\t\t\t\t\t<\/div>\r\n\t\t\t\t\t<!-- Inner panel End -->\r\n\t\t\t\t\t\r\n\t\t\t\t\t\t\t\t\r\n\t\t\t\t\t<!-- Inner panel Start -->\r\n\t\t\t\t\t<div class=\"wpsm_panel wpsm_panel-default\">\r\n\t\t\t\t\t\t<div class=\"wpsm_panel-heading\" role=\"tab\" >\r\n\t\t\t\t\t\t  <h4 class=\"wpsm_panel-title\">\r\n\t\t\t\t\t\t\t<a  class=\"collapsed\"  data-toggle=\"collapse\" data-parent=\"#wpsm_accordion_462 \" href=\"#ac_462_collapse8\"  >\r\n\t\t\t\t\t\t\t\t\t\t\t\t\t\t\t\t\t<span class=\"ac_open_cl_icon fa fa-plus\"><\/span>\r\n\t\t\t\t\t\t\t\t\t\r\n\t\t\t\t\t\t\t\t \r\n\t\t\t\t\t\t\t\t<span class=\"ac_title_class\">\r\n\t\t\t\t\t\t\t\t\t\t\t\t\t\t\t\t\t\t\t\t<span style=\"margin-right:6px;\" class=\"fa fa-align-justify\"><\/span>\r\n\t\t\t\t\t\t\t\t\tMotiv&#039;acteam : se booster en \u00e9quipe au quotidien\t\t\t\t\t\t\t\t<\/span>\r\n\t\t\t\t\t\t\t<\/a>\r\n\t\t\t\t\t\t  <\/h4>\r\n\t\t\t\t\t\t<\/div>\r\n\t\t\t\t\t\t<div id=\"ac_462_collapse8\" class=\"wpsm_panel-collapse collapse \"  >\r\n\t\t\t\t\t\t  <div class=\"wpsm_panel-body\">\r\n\t\t\t\t\t\t\tCet atelier propose aux \u00e9quipes de se pencher sur la th\u00e9matique de la motivation. Par le biais d'activit\u00e9s ludiques, de jeux, d'exp\u00e9rimentations et de d\u00e9briefings,  l'\u00e9quipe identifiera des actions pour se booster et am\u00e9liorer l'implication individuelle\/collective.\r\n&nbsp\r\n<a href=\".\/http:\/\/expotentiel.be\/index.php\/motivacteam-se-booster-en-equipe-au-quotidien\/\" target=_blank>En savoir plus<\/a>\t\t\t\t\t\t  <\/div>\r\n\t\t\t\t\t\t<\/div>\r\n\t\t\t\t\t<\/div>\r\n\t\t\t\t\t<!-- Inner panel End -->\r\n\t\t\t\t\t\r\n\t\t\t\t\t\t\t\t\r\n\t\t\t\t\t<!-- Inner panel Start -->\r\n\t\t\t\t\t<div class=\"wpsm_panel wpsm_panel-default\">\r\n\t\t\t\t\t\t<div class=\"wpsm_panel-heading\" role=\"tab\" >\r\n\t\t\t\t\t\t  <h4 class=\"wpsm_panel-title\">\r\n\t\t\t\t\t\t\t<a  class=\"collapsed\"  data-toggle=\"collapse\" data-parent=\"#wpsm_accordion_462 \" href=\"#ac_462_collapse9\"  >\r\n\t\t\t\t\t\t\t\t\t\t\t\t\t\t\t\t\t<span class=\"ac_open_cl_icon fa fa-plus\"><\/span>\r\n\t\t\t\t\t\t\t\t\t\r\n\t\t\t\t\t\t\t\t \r\n\t\t\t\t\t\t\t\t<span class=\"ac_title_class\">\r\n\t\t\t\t\t\t\t\t\t\t\t\t\t\t\t\t\t\t\t\t<span style=\"margin-right:6px;\" class=\"fa fa-align-justify\"><\/span>\r\n\t\t\t\t\t\t\t\t\tPlus-value : quand les valeurs ajoutent de la valeur\t\t\t\t\t\t\t\t<\/span>\r\n\t\t\t\t\t\t\t<\/a>\r\n\t\t\t\t\t\t  <\/h4>\r\n\t\t\t\t\t\t<\/div>\r\n\t\t\t\t\t\t<div id=\"ac_462_collapse9\" class=\"wpsm_panel-collapse collapse \"  >\r\n\t\t\t\t\t\t  <div class=\"wpsm_panel-body\">\r\n\t\t\t\t\t\t\tLes organisations les mieux per\u00e7ues sont celles qui v\u00e9hiculent des valeurs fortes dans lesquelles le b\u00e9n\u00e9ficiaire\/le client se retrouve. Bien plus qu'une simple intention, les valeurs doivent se vivre dans le fonctionnement de la structure pour se propager \u00e0 l'ext\u00e9rieur. Il s'agit d'un catalyseur qui va donner une valeur ajout\u00e9e au produit\/service, mais aussi apporter le petit plus qui fait la diff\u00e9rence. R\u00e9fl\u00e9chir aux valeurs pour cr\u00e9er de la valeur, voil\u00e0 le d\u00e9fi que se propose de relever cet atelier.\r\n&nbsp\r\n<a href=\".\/http:\/\/expotentiel.be\/index.php\/collectivity-pratiquer-et-mettre-en-oeuvre-lintelligence-collective-2\/\" target=_blank>En savoir plus<\/a>\t\t\t\t\t\t  <\/div>\r\n\t\t\t\t\t\t<\/div>\r\n\t\t\t\t\t<\/div>\r\n\t\t\t\t\t<!-- Inner panel End -->\r\n\t\t\t\t\t\r\n\t\t\t\t\t\t\t<\/div>\r\n\t\t\t\n","protected":false},"excerpt":{"rendered":"<p>Qu&rsquo;est ce que c&rsquo;est? Au cours d&rsquo;un moment convivial, Expotentiel propose aux \u00e9quipes et leurs managers\/responsables des ateliers ludiques et cr\u00e9atifs. L&rsquo;objectif est de (re)d\u00e9couvrir une approche et d&rsquo;exp\u00e9rimenter des outils pour am\u00e9liorer son travail au quotidien. Quelle dur\u00e9e&nbsp;? La &hellip; <a href=\"https:\/\/expotentiel.be\/index.php\/2019\/08\/20\/creacteam-les-managers-et-les-equipes-creactifs-les-ateliers\/\">Lire la suite<\/a><\/p>\n","protected":false},"author":2,"featured_media":0,"parent":0,"menu_order":0,"comment_status":"closed","ping_status":"closed","template":"","meta":{"kt_blocks_editor_width":""},"_links":{"self":[{"href":"https:\/\/expotentiel.be\/index.php\/wp-json\/wp\/v2\/pages\/457"}],"collection":[{"href":"https:\/\/expotentiel.be\/index.php\/wp-json\/wp\/v2\/pages"}],"about":[{"href":"https:\/\/expotentiel.be\/index.php\/wp-json\/wp\/v2\/types\/page"}],"author":[{"embeddable":true,"href":"https:\/\/expotentiel.be\/index.php\/wp-json\/wp\/v2\/users\/2"}],"replies":[{"embeddable":true,"href":"https:\/\/expotentiel.be\/index.php\/wp-json\/wp\/v2\/comments?post=457"}],"version-history":[{"count":4,"href":"https:\/\/expotentiel.be\/index.php\/wp-json\/wp\/v2\/pages\/457\/revisions"}],"predecessor-version":[{"id":465,"href":"https:\/\/expotentiel.be\/index.php\/wp-json\/wp\/v2\/pages\/457\/revisions\/465"}],"wp:attachment":[{"href":"https:\/\/expotentiel.be\/index.php\/wp-json\/wp\/v2\/media?parent=457"}],"curies":[{"name":"wp","href":"https:\/\/api.w.org\/{rel}","templated":true}]}}