{"id":45,"date":"2019-08-07T16:35:47","date_gmt":"2019-08-07T14:35:47","guid":{"rendered":"http:\/\/expotentiel.be\/?page_id=45"},"modified":"2019-08-07T18:18:51","modified_gmt":"2019-08-07T16:18:51","slug":"home","status":"publish","type":"page","link":"https:\/\/expotentiel.be\/","title":{"rendered":"Home"},"content":{"rendered":"\n<p style=\"text-align:center\" class=\"has-text-color has-medium-font-size &#038;nbsp\n&#038;nbsp\n&#038;nbsp\nhas-pinnacle-primary-color\"><strong>R\u00e9v\u00e9lez votre talent <\/strong><\/p>\n\n\n\n<p style=\"text-align:center\">Chacun a un potentiel \u00e0 exploiter pour donner du sens \u00e0 son engagement et mieux agir au quotidien. <\/p>\n\n\n\n<p style=\"text-align:center\">En tant qu\u2019individu, nous avons le pouvoir de se cr\u00e9er des opportunit\u00e9s, d\u2019apprendre et de se d\u00e9velopper pour r\u00e9v\u00e9ler celui que nous souhaitons \u00eatre.<\/p>\n\n\n\n<p style=\"text-align:center\">Alors, pourquoi pas maintenant ?<\/p>\n\n\n\n<p style=\"text-align:center\">Expotentiel propose des formations, des ateliers, des\naccompagnements et des coachings (individuels et d\u2019\u00e9quipes) pour d\u00e9velopper ses\ncomp\u00e9tences et r\u00e9v\u00e9ler ses talents. <\/p>\n\n\n\n<p style=\"text-align:center\">Pour mieux vous servir nos diff\u00e9rents services sont cibl\u00e9s\nen fonction de votre profil.<\/p>\n","protected":false},"excerpt":{"rendered":"<p>R\u00e9v\u00e9lez votre talent Chacun a un potentiel \u00e0 exploiter pour donner du sens \u00e0 son engagement et mieux agir au quotidien. En tant qu\u2019individu, nous avons le pouvoir de se cr\u00e9er des opportunit\u00e9s, d\u2019apprendre et de se d\u00e9velopper pour r\u00e9v\u00e9ler &hellip; <a href=\"https:\/\/expotentiel.be\/\">Lire la suite<\/a><\/p>\n","protected":false},"author":1,"featured_media":0,"parent":0,"menu_order":0,"comment_status":"closed","ping_status":"closed","template":"","meta":{"kt_blocks_editor_width":""},"_links":{"self":[{"href":"https:\/\/expotentiel.be\/index.php\/wp-json\/wp\/v2\/pages\/45"}],"collection":[{"href":"https:\/\/expotentiel.be\/index.php\/wp-json\/wp\/v2\/pages"}],"about":[{"href":"https:\/\/expotentiel.be\/index.php\/wp-json\/wp\/v2\/types\/page"}],"author":[{"embeddable":true,"href":"https:\/\/expotentiel.be\/index.php\/wp-json\/wp\/v2\/users\/1"}],"replies":[{"embeddable":true,"href":"https:\/\/expotentiel.be\/index.php\/wp-json\/wp\/v2\/comments?post=45"}],"version-history":[{"count":21,"href":"https:\/\/expotentiel.be\/index.php\/wp-json\/wp\/v2\/pages\/45\/revisions"}],"predecessor-version":[{"id":90,"href":"https:\/\/expotentiel.be\/index.php\/wp-json\/wp\/v2\/pages\/45\/revisions\/90"}],"wp:attachment":[{"href":"https:\/\/expotentiel.be\/index.php\/wp-json\/wp\/v2\/media?parent=45"}],"curies":[{"name":"wp","href":"https:\/\/api.w.org\/{rel}","templated":true}]}}