{"id":30,"date":"2019-08-07T15:54:27","date_gmt":"2019-08-07T13:54:27","guid":{"rendered":"http:\/\/expotentiel.be\/?page_id=30"},"modified":"2019-08-19T16:49:19","modified_gmt":"2019-08-19T14:49:19","slug":"30-2","status":"publish","type":"page","link":"https:\/\/expotentiel.be\/index.php\/30-2\/","title":{"rendered":"En quelques mots"},"content":{"rendered":"\n<p>Chacun a un potentiel \u00e0 exploiter pour donner du sens \u00e0 son\nengagement et mieux agir au quotidien. En tant qu\u2019individu, nous avons le\npouvoir de se cr\u00e9er des opportunit\u00e9s, d\u2019apprendre et de se d\u00e9velopper pour\nr\u00e9v\u00e9ler celui que nous souhaitons \u00eatre. <\/p>\n\n\n\n<p>Alors, pourquoi pas maintenant ?<\/p>\n\n\n\n<p>Expotentiel propose des formations, des ateliers, des accompagnements\net des coachings (individuels et d\u2019\u00e9quipes) pour d\u00e9velopper ses comp\u00e9tences et\nr\u00e9v\u00e9ler ses talents. <\/p>\n\n\n\n<figure class=\"wp-block-image\"><img loading=\"lazy\" width=\"1024\" height=\"1024\" src=\"http:\/\/expotentiel.be\/wp-content\/uploads\/2019\/08\/Sans-titre-1-1-1024x1024.jpg\" alt=\"\" class=\"wp-image-419\" srcset=\"https:\/\/expotentiel.be\/wp-content\/uploads\/2019\/08\/Sans-titre-1-1-1024x1024.jpg 1024w, https:\/\/expotentiel.be\/wp-content\/uploads\/2019\/08\/Sans-titre-1-1-150x150.jpg 150w, https:\/\/expotentiel.be\/wp-content\/uploads\/2019\/08\/Sans-titre-1-1-300x300.jpg 300w, https:\/\/expotentiel.be\/wp-content\/uploads\/2019\/08\/Sans-titre-1-1-768x768.jpg 768w, https:\/\/expotentiel.be\/wp-content\/uploads\/2019\/08\/Sans-titre-1-1-60x60.jpg 60w, https:\/\/expotentiel.be\/wp-content\/uploads\/2019\/08\/Sans-titre-1-1-600x600.jpg 600w, https:\/\/expotentiel.be\/wp-content\/uploads\/2019\/08\/Sans-titre-1-1-100x100.jpg 100w\" sizes=\"(max-width: 1024px) 100vw, 1024px\" \/><\/figure>\n","protected":false},"excerpt":{"rendered":"<p>Chacun a un potentiel \u00e0 exploiter pour donner du sens \u00e0 son engagement et mieux agir au quotidien. En tant qu\u2019individu, nous avons le pouvoir de se cr\u00e9er des opportunit\u00e9s, d\u2019apprendre et de se d\u00e9velopper pour r\u00e9v\u00e9ler celui que nous &hellip; <a href=\"https:\/\/expotentiel.be\/index.php\/30-2\/\">Lire la suite<\/a><\/p>\n","protected":false},"author":1,"featured_media":0,"parent":0,"menu_order":0,"comment_status":"closed","ping_status":"closed","template":"","meta":{"kt_blocks_editor_width":""},"_links":{"self":[{"href":"https:\/\/expotentiel.be\/index.php\/wp-json\/wp\/v2\/pages\/30"}],"collection":[{"href":"https:\/\/expotentiel.be\/index.php\/wp-json\/wp\/v2\/pages"}],"about":[{"href":"https:\/\/expotentiel.be\/index.php\/wp-json\/wp\/v2\/types\/page"}],"author":[{"embeddable":true,"href":"https:\/\/expotentiel.be\/index.php\/wp-json\/wp\/v2\/users\/1"}],"replies":[{"embeddable":true,"href":"https:\/\/expotentiel.be\/index.php\/wp-json\/wp\/v2\/comments?post=30"}],"version-history":[{"count":9,"href":"https:\/\/expotentiel.be\/index.php\/wp-json\/wp\/v2\/pages\/30\/revisions"}],"predecessor-version":[{"id":421,"href":"https:\/\/expotentiel.be\/index.php\/wp-json\/wp\/v2\/pages\/30\/revisions\/421"}],"wp:attachment":[{"href":"https:\/\/expotentiel.be\/index.php\/wp-json\/wp\/v2\/media?parent=30"}],"curies":[{"name":"wp","href":"https:\/\/api.w.org\/{rel}","templated":true}]}}