{"id":19,"date":"2019-08-07T12:46:14","date_gmt":"2019-08-07T10:46:14","guid":{"rendered":"http:\/\/expotentiel.be\/?page_id=19"},"modified":"2019-08-19T17:01:14","modified_gmt":"2019-08-19T15:01:14","slug":"nos-services","status":"publish","type":"page","link":"https:\/\/expotentiel.be\/index.php\/nos-services\/","title":{"rendered":"Nos services"},"content":{"rendered":"\n<p class=\"has-medium-font-size\"><strong>Des formations et des ateliers<\/strong><\/p>\n\n\n\n<p>Expotentiel&nbsp; propose&nbsp; des&nbsp;\nmodules \u00abcl\u00e9 sur porte\u00bb sur des th\u00e9matiques vari\u00e9es. Programm\u00e9s ou\norganis\u00e9s sur site, nos dispositifs sont cibl\u00e9s en fonction de votre profil\npour mieux r\u00e9pondre \u00e0 vos besoins.<\/p>\n\n\n\n<div style=\"height:35px\" aria-hidden=\"true\" class=\"wp-block-spacer\"><\/div>\n\n\n\n<p class=\"has-medium-font-size\"><strong>Des accompagnements, des supervisions et des\nteam-coachings<\/strong><\/p>\n\n\n\n<p>Nous mettons en place des accompagnements, des\nteam-coachings et des supervisions sur mesure. Ceux-ci permettent aux \u00e9quipes\nde d\u00e9velopper leur plein potentiel, d\u2019innover et de cr\u00e9er des solutions\nadapt\u00e9es \u00e0 leur environnement. Pour r\u00e9pondre au mieux \u00e0 vos besoins, nous\nproposons un processus en 4 \u00e9tapes:<\/p>\n\n\n\n<p>1. Se rencontrer pour analyser la demande et cibler les\nobjectifs;<\/p>\n\n\n\n<p>2. Mettre en place et r\u00e9guler la d\u00e9marche;<\/p>\n\n\n\n<p>3. Indentifier les prolongements \u00e0 mettre en \u0153uvre pour\natteindre les objectifs&nbsp;;<\/p>\n\n\n\n<p>4. \u00c9valuer la d\u00e9marche et ses effets.<\/p>\n\n\n\n<div style=\"height:35px\" aria-hidden=\"true\" class=\"wp-block-spacer\"><\/div>\n\n\n\n<p class=\"has-medium-font-size\"><strong>Des coachings individuels et collectifs<\/strong><\/p>\n\n\n\n<p>Chaque individu a sa propre histoire, des comp\u00e9tences\nuniques et des besoins sp\u00e9cifiques qui n\u00e9cessitent une approche personnalis\u00e9e.\nParce&nbsp; que le coaching c\u2019est, avant tout,\ncomprendre son mode de fonctionnement et mobiliser ses ressources pour\natteindre ses objectifs: Expotentiel propose une approche pragmatique au\nservice de votre projet de changement.<\/p>\n\n\n\n<div class=\"wp-block-columns has-2-columns\">\n<div class=\"wp-block-column\">\n<div class=\"wp-block-image\"><figure class=\"aligncenter\"><img loading=\"lazy\" width=\"1024\" height=\"1024\" src=\"http:\/\/expotentiel.be\/wp-content\/uploads\/2019\/08\/678-1024x1024.jpg\" alt=\"\" class=\"wp-image-430\" srcset=\"https:\/\/expotentiel.be\/wp-content\/uploads\/2019\/08\/678-1024x1024.jpg 1024w, https:\/\/expotentiel.be\/wp-content\/uploads\/2019\/08\/678-150x150.jpg 150w, https:\/\/expotentiel.be\/wp-content\/uploads\/2019\/08\/678-300x300.jpg 300w, https:\/\/expotentiel.be\/wp-content\/uploads\/2019\/08\/678-768x768.jpg 768w, https:\/\/expotentiel.be\/wp-content\/uploads\/2019\/08\/678-60x60.jpg 60w, https:\/\/expotentiel.be\/wp-content\/uploads\/2019\/08\/678-600x600.jpg 600w, https:\/\/expotentiel.be\/wp-content\/uploads\/2019\/08\/678-100x100.jpg 100w, https:\/\/expotentiel.be\/wp-content\/uploads\/2019\/08\/678.jpg 1418w\" sizes=\"(max-width: 1024px) 100vw, 1024px\" \/><\/figure><\/div>\n<\/div>\n\n\n\n<div class=\"wp-block-column\">\n<div class=\"wp-block-image\"><figure class=\"aligncenter\"><img loading=\"lazy\" width=\"1024\" height=\"1024\" src=\"http:\/\/expotentiel.be\/wp-content\/uploads\/2019\/08\/6782-1024x1024.jpg\" alt=\"\" class=\"wp-image-431\" srcset=\"https:\/\/expotentiel.be\/wp-content\/uploads\/2019\/08\/6782-1024x1024.jpg 1024w, https:\/\/expotentiel.be\/wp-content\/uploads\/2019\/08\/6782-150x150.jpg 150w, https:\/\/expotentiel.be\/wp-content\/uploads\/2019\/08\/6782-300x300.jpg 300w, https:\/\/expotentiel.be\/wp-content\/uploads\/2019\/08\/6782-768x768.jpg 768w, https:\/\/expotentiel.be\/wp-content\/uploads\/2019\/08\/6782-60x60.jpg 60w, https:\/\/expotentiel.be\/wp-content\/uploads\/2019\/08\/6782-600x600.jpg 600w, https:\/\/expotentiel.be\/wp-content\/uploads\/2019\/08\/6782-100x100.jpg 100w, https:\/\/expotentiel.be\/wp-content\/uploads\/2019\/08\/6782.jpg 1418w\" sizes=\"(max-width: 1024px) 100vw, 1024px\" \/><\/figure><\/div>\n<\/div>\n<\/div>\n","protected":false},"excerpt":{"rendered":"<p>Des formations et des ateliers Expotentiel&nbsp; propose&nbsp; des&nbsp; modules \u00abcl\u00e9 sur porte\u00bb sur des th\u00e9matiques vari\u00e9es. Programm\u00e9s ou organis\u00e9s sur site, nos dispositifs sont cibl\u00e9s en fonction de votre profil pour mieux r\u00e9pondre \u00e0 vos besoins. Des accompagnements, des supervisions &hellip; <a href=\"https:\/\/expotentiel.be\/index.php\/nos-services\/\">Lire la suite<\/a><\/p>\n","protected":false},"author":1,"featured_media":0,"parent":0,"menu_order":0,"comment_status":"closed","ping_status":"closed","template":"","meta":{"kt_blocks_editor_width":""},"_links":{"self":[{"href":"https:\/\/expotentiel.be\/index.php\/wp-json\/wp\/v2\/pages\/19"}],"collection":[{"href":"https:\/\/expotentiel.be\/index.php\/wp-json\/wp\/v2\/pages"}],"about":[{"href":"https:\/\/expotentiel.be\/index.php\/wp-json\/wp\/v2\/types\/page"}],"author":[{"embeddable":true,"href":"https:\/\/expotentiel.be\/index.php\/wp-json\/wp\/v2\/users\/1"}],"replies":[{"embeddable":true,"href":"https:\/\/expotentiel.be\/index.php\/wp-json\/wp\/v2\/comments?post=19"}],"version-history":[{"count":7,"href":"https:\/\/expotentiel.be\/index.php\/wp-json\/wp\/v2\/pages\/19\/revisions"}],"predecessor-version":[{"id":435,"href":"https:\/\/expotentiel.be\/index.php\/wp-json\/wp\/v2\/pages\/19\/revisions\/435"}],"wp:attachment":[{"href":"https:\/\/expotentiel.be\/index.php\/wp-json\/wp\/v2\/media?parent=19"}],"curies":[{"name":"wp","href":"https:\/\/api.w.org\/{rel}","templated":true}]}}