{"id":113,"date":"2019-08-18T14:49:56","date_gmt":"2019-08-18T12:49:56","guid":{"rendered":"http:\/\/expotentiel.be\/?page_id=113"},"modified":"2019-08-20T15:38:28","modified_gmt":"2019-08-20T13:38:28","slug":"metafor","status":"publish","type":"page","link":"https:\/\/expotentiel.be\/index.php\/metafor\/","title":{"rendered":"M\u00e9ta&rsquo;for"},"content":{"rendered":"\n<h3>M\u00e9ta&rsquo;for en quelques mots:<\/h3>\n\n\n\n<p>Expotentiel propose aux formateurs, aux coordinateurs de formations et aux acteurs de l&rsquo;enseignement de d\u00e9velopper leur plein potentiel p\u00e9dagogique \u00e0 travers des ateliers, des formations, des team-coachings, des accompagnements<a href=\"http:\/\/www.melimelo.shop\"> <\/a> et des networkings.<\/p>\n\n\n\n<div style=\"height:15px\" aria-hidden=\"true\" class=\"wp-block-spacer\"><\/div>\n\n\n\n<h3>D\u00e9couvrez notre offre:<\/h3>\n\n\n\n<div class=\"wp-block-media-text alignwide is-stacked-on-mobile\" style=\"grid-template-columns:18% auto\"><figure class=\"wp-block-media-text__media\"><img loading=\"lazy\" width=\"1024\" height=\"1024\" src=\"http:\/\/expotentiel.be\/wp-content\/uploads\/2019\/08\/4562-1024x1024.jpg\" alt=\"\" class=\"wp-image-413\" srcset=\"https:\/\/expotentiel.be\/wp-content\/uploads\/2019\/08\/4562-1024x1024.jpg 1024w, https:\/\/expotentiel.be\/wp-content\/uploads\/2019\/08\/4562-150x150.jpg 150w, https:\/\/expotentiel.be\/wp-content\/uploads\/2019\/08\/4562-300x300.jpg 300w, https:\/\/expotentiel.be\/wp-content\/uploads\/2019\/08\/4562-768x768.jpg 768w, https:\/\/expotentiel.be\/wp-content\/uploads\/2019\/08\/4562-60x60.jpg 60w, https:\/\/expotentiel.be\/wp-content\/uploads\/2019\/08\/4562-600x600.jpg 600w, https:\/\/expotentiel.be\/wp-content\/uploads\/2019\/08\/4562-100x100.jpg 100w, https:\/\/expotentiel.be\/wp-content\/uploads\/2019\/08\/4562.jpg 1418w\" sizes=\"(max-width: 1024px) 100vw, 1024px\" \/><\/figure><div class=\"wp-block-media-text__content\">\n<p class=\"has-text-color has-medium-font-size has-pinnacle-primary-color\"><strong><a href=\"http:\/\/expotentiel.be\/index.php\/les-formateurs-et-les-equipes-pedagogiques\/\">Pour&nbsp;les&nbsp;formateurs&nbsp;et&nbsp;les&nbsp;\u00e9quipes&nbsp;p\u00e9dagogiques<\/a><\/strong><\/p>\n\n\n\n<p>Au cours, d&rsquo;un moment convivial, Expotentiel propose aux \u00e9quipes de formateurs et \u00e0 leurs coordinateurs\/responsables des formations ludiques et cr\u00e9atives. L&rsquo;objectif est  de (re)d\u00e9couvrir une approche ou d&rsquo;exp\u00e9rimenter des outils pour am\u00e9liorer son action p\u00e9dagogique.<\/p>\n\n\n\n<p><\/p>\n\n\n\n<div class=\"wp-block-button\"><a class=\"wp-block-button__link\" href=\"http:\/\/expotentiel.be\/index.php\/les-formateurs-et-les-equipes-pedagogiques\/\">D\u00e9couvrez notre offre<\/a><\/div>\n<\/div><\/div>\n\n\n\n<div class=\"wp-block-media-text alignwide is-stacked-on-mobile\" style=\"grid-template-columns:18% auto\"><figure class=\"wp-block-media-text__media\"><img loading=\"lazy\" width=\"1024\" height=\"1024\" src=\"http:\/\/expotentiel.be\/wp-content\/uploads\/2019\/08\/456-1024x1024.jpg\" alt=\"\" class=\"wp-image-412\" srcset=\"https:\/\/expotentiel.be\/wp-content\/uploads\/2019\/08\/456-1024x1024.jpg 1024w, https:\/\/expotentiel.be\/wp-content\/uploads\/2019\/08\/456-150x150.jpg 150w, https:\/\/expotentiel.be\/wp-content\/uploads\/2019\/08\/456-300x300.jpg 300w, https:\/\/expotentiel.be\/wp-content\/uploads\/2019\/08\/456-768x768.jpg 768w, https:\/\/expotentiel.be\/wp-content\/uploads\/2019\/08\/456-60x60.jpg 60w, https:\/\/expotentiel.be\/wp-content\/uploads\/2019\/08\/456-600x600.jpg 600w, https:\/\/expotentiel.be\/wp-content\/uploads\/2019\/08\/456-100x100.jpg 100w, https:\/\/expotentiel.be\/wp-content\/uploads\/2019\/08\/456.jpg 1418w\" sizes=\"(max-width: 1024px) 100vw, 1024px\" \/><\/figure><div class=\"wp-block-media-text__content\">\n<p class=\"has-text-color has-medium-font-size has-pinnacle-primary-color\"><strong><a href=\"http:\/\/expotentiel.be\/index.php\/les-coordinateurs-de-formation\/\">Pour&nbsp;les&nbsp;coordinateurs&nbsp;de&nbsp;formation<\/a><\/strong><\/p>\n\n\n\n<p>Expotentiel propose une offre sp\u00e9cialement d\u00e9di\u00e9e aux coordinateurs\/responsables de formations. <\/p>\n\n\n\n<div class=\"wp-block-button\"><a class=\"wp-block-button__link\" href=\"Dhttp:\/\/expotentiel.be\/index.php\/les-coordinateurs-de-formation\/\u00e9couvrez nos ateliers\">D\u00e9couvrez notre offre<\/a><\/div>\n<\/div><\/div>\n\n\n\n<div class=\"wp-block-media-text alignwide is-stacked-on-mobile\" style=\"grid-template-columns:18% auto\"><figure class=\"wp-block-media-text__media\"><img loading=\"lazy\" width=\"1024\" height=\"1024\" src=\"http:\/\/expotentiel.be\/wp-content\/uploads\/2019\/08\/4563-1024x1024.jpg\" alt=\"\" class=\"wp-image-411\" srcset=\"https:\/\/expotentiel.be\/wp-content\/uploads\/2019\/08\/4563-1024x1024.jpg 1024w, https:\/\/expotentiel.be\/wp-content\/uploads\/2019\/08\/4563-150x150.jpg 150w, https:\/\/expotentiel.be\/wp-content\/uploads\/2019\/08\/4563-300x300.jpg 300w, https:\/\/expotentiel.be\/wp-content\/uploads\/2019\/08\/4563-768x768.jpg 768w, https:\/\/expotentiel.be\/wp-content\/uploads\/2019\/08\/4563-60x60.jpg 60w, https:\/\/expotentiel.be\/wp-content\/uploads\/2019\/08\/4563-600x600.jpg 600w, https:\/\/expotentiel.be\/wp-content\/uploads\/2019\/08\/4563-100x100.jpg 100w, https:\/\/expotentiel.be\/wp-content\/uploads\/2019\/08\/4563.jpg 1418w\" sizes=\"(max-width: 1024px) 100vw, 1024px\" \/><\/figure><div class=\"wp-block-media-text__content\">\n<p class=\"has-text-color has-medium-font-size has-pinnacle-primary-color\"><strong><a href=\"http:\/\/expotentiel.be\/index.php\/les-acteurs-de-lenseignement\/\">Pour&nbsp;les&nbsp;acteurs&nbsp;de&nbsp;l&rsquo;enseignement<\/a><\/strong><\/p>\n\n\n\n<p>Expotentiel propose une offre sp\u00e9cifiquement con\u00e7ue pour les \u00e9tablissements scolaires qui souhaitent prendre de la hauteur et innover. <\/p>\n\n\n\n<div class=\"wp-block-button\"><a class=\"wp-block-button__link\" href=\"http:\/\/expotentiel.be\/index.php\/les-acteurs-de-lenseignement\/\">D\u00e9couvrez notre offre<\/a><\/div>\n<\/div><\/div>\n","protected":false},"excerpt":{"rendered":"<p>M\u00e9ta&rsquo;for en quelques mots: Expotentiel propose aux formateurs, aux coordinateurs de formations et aux acteurs de l&rsquo;enseignement de d\u00e9velopper leur plein potentiel p\u00e9dagogique \u00e0 travers des ateliers, des formations, des team-coachings, des accompagnements et des networkings. D\u00e9couvrez notre offre:<\/p>\n","protected":false},"author":1,"featured_media":0,"parent":0,"menu_order":0,"comment_status":"closed","ping_status":"closed","template":"","meta":{"kt_blocks_editor_width":""},"_links":{"self":[{"href":"https:\/\/expotentiel.be\/index.php\/wp-json\/wp\/v2\/pages\/113"}],"collection":[{"href":"https:\/\/expotentiel.be\/index.php\/wp-json\/wp\/v2\/pages"}],"about":[{"href":"https:\/\/expotentiel.be\/index.php\/wp-json\/wp\/v2\/types\/page"}],"author":[{"embeddable":true,"href":"https:\/\/expotentiel.be\/index.php\/wp-json\/wp\/v2\/users\/1"}],"replies":[{"embeddable":true,"href":"https:\/\/expotentiel.be\/index.php\/wp-json\/wp\/v2\/comments?post=113"}],"version-history":[{"count":40,"href":"https:\/\/expotentiel.be\/index.php\/wp-json\/wp\/v2\/pages\/113\/revisions"}],"predecessor-version":[{"id":415,"href":"https:\/\/expotentiel.be\/index.php\/wp-json\/wp\/v2\/pages\/113\/revisions\/415"}],"wp:attachment":[{"href":"https:\/\/expotentiel.be\/index.php\/wp-json\/wp\/v2\/media?parent=113"}],"curies":[{"name":"wp","href":"https:\/\/api.w.org\/{rel}","templated":true}]}}