{"id":101,"date":"2019-08-07T18:45:12","date_gmt":"2019-08-07T16:45:12","guid":{"rendered":"http:\/\/expotentiel.be\/?page_id=101"},"modified":"2019-08-20T14:47:04","modified_gmt":"2019-08-20T12:47:04","slug":"qui-suis-je","status":"publish","type":"page","link":"https:\/\/expotentiel.be\/index.php\/qui-suis-je\/","title":{"rendered":"Qui suis-je?"},"content":{"rendered":"\n<div class=\"wp-block-media-text alignwide\" style=\"grid-template-columns:16% auto\"><figure class=\"wp-block-media-text__media\"><img loading=\"lazy\" width=\"932\" height=\"1024\" src=\"http:\/\/expotentiel.be\/wp-content\/uploads\/2019\/08\/guillaume-932x1024.jpg\" alt=\"\" class=\"wp-image-447\" srcset=\"https:\/\/expotentiel.be\/wp-content\/uploads\/2019\/08\/guillaume-932x1024.jpg 932w, https:\/\/expotentiel.be\/wp-content\/uploads\/2019\/08\/guillaume-273x300.jpg 273w, https:\/\/expotentiel.be\/wp-content\/uploads\/2019\/08\/guillaume-768x844.jpg 768w, https:\/\/expotentiel.be\/wp-content\/uploads\/2019\/08\/guillaume-600x659.jpg 600w\" sizes=\"(max-width: 932px) 100vw, 932px\" \/><\/figure><div class=\"wp-block-media-text__content\">\n<p>Passionn\u00e9 par la p\u00e9dagogie et fervent convaincu par l\u2019apprentissage tout au long de la vie, je me suis engag\u00e9 dans le monde de la formation. Durant un peu plus de 7 ans, j\u2019ai eu l\u2019occasion de travailler en tant que formateur et coordinateur de formations. Cette exp\u00e9rience, construite au gr\u00e9 des rencontres, des formations et des recherches m\u2019a permis de d\u00e9velopper des comp\u00e9tences vari\u00e9es dans le domaine de la formation, de l\u2019accompagnement, du management, du changement, du coaching et de la p\u00e9dagogie.<\/p>\n\n\n\n<p>En 2017, une remise en question s\u2019est pos\u00e9e. J\u2019ai alors entrepris une qu\u00eate pour envisager un nouveau d\u00e9part. Ce voyage m\u2019a permis de d\u00e9couvrir les tr\u00e9sors insoup\u00e7onnables que poss\u00e8de l\u2019individu au plus profond de lui. j\u2019ai donc entrepris de d\u00e9velopper mes comp\u00e9tences dans la compr\u00e9hension de l\u2019individu, de ses ressources et, surtout, sur les moyens de les faire \u00e9merger.<\/p>\n\n\n\n<p>Riche de ce bagage, j\u2019ai eu un r\u00eave ambitieux : partager\ncette expertise avec le plus grand nombre pour permettre \u00e0 chacun de pouvoir\nd\u00e9velopper son plein potentiel&nbsp; d\u2019action\net atteindre ses objectifs. <\/p>\n\n\n\n<p>Expotentiel est donc le savant m\u00e9lange entre le\nd\u00e9veloppement de ses comp\u00e9tences et la qu\u00eate de soi pour agir en tenant compte\nde son identit\u00e9. <\/p>\n\n\n\n<p><\/p>\n<\/div><\/div>\n","protected":false},"excerpt":{"rendered":"<p>Passionn\u00e9 par la p\u00e9dagogie et fervent convaincu par l\u2019apprentissage tout au long de la vie, je me suis engag\u00e9 dans le monde de la formation. Durant un peu plus de 7 ans, j\u2019ai eu l\u2019occasion de travailler en tant que &hellip; <a href=\"https:\/\/expotentiel.be\/index.php\/qui-suis-je\/\">Lire la suite<\/a><\/p>\n","protected":false},"author":1,"featured_media":0,"parent":0,"menu_order":0,"comment_status":"closed","ping_status":"closed","template":"","meta":{"kt_blocks_editor_width":""},"_links":{"self":[{"href":"https:\/\/expotentiel.be\/index.php\/wp-json\/wp\/v2\/pages\/101"}],"collection":[{"href":"https:\/\/expotentiel.be\/index.php\/wp-json\/wp\/v2\/pages"}],"about":[{"href":"https:\/\/expotentiel.be\/index.php\/wp-json\/wp\/v2\/types\/page"}],"author":[{"embeddable":true,"href":"https:\/\/expotentiel.be\/index.php\/wp-json\/wp\/v2\/users\/1"}],"replies":[{"embeddable":true,"href":"https:\/\/expotentiel.be\/index.php\/wp-json\/wp\/v2\/comments?post=101"}],"version-history":[{"count":6,"href":"https:\/\/expotentiel.be\/index.php\/wp-json\/wp\/v2\/pages\/101\/revisions"}],"predecessor-version":[{"id":452,"href":"https:\/\/expotentiel.be\/index.php\/wp-json\/wp\/v2\/pages\/101\/revisions\/452"}],"wp:attachment":[{"href":"https:\/\/expotentiel.be\/index.php\/wp-json\/wp\/v2\/media?parent=101"}],"curies":[{"name":"wp","href":"https:\/\/api.w.org\/{rel}","templated":true}]}}